{"id":27,"date":"2022-09-19T11:03:22","date_gmt":"2022-09-19T11:03:22","guid":{"rendered":"https:\/\/maritimeapartamentosvalencia.com\/?page_id=27"},"modified":"2023-01-26T12:19:43","modified_gmt":"2023-01-26T12:19:43","slug":"avviso-legale","status":"publish","type":"page","link":"https:\/\/maritimeapartamentosvalencia.com\/it\/avviso-legale\/","title":{"rendered":"Avviso legale"},"content":{"rendered":"\t\t<div data-elementor-type=\"wp-page\" data-elementor-id=\"27\" class=\"elementor elementor-27\" data-elementor-post-type=\"page\">\n\t\t\t\t<div class=\"elementor-element elementor-element-de97e8a e-flex e-con-boxed e-con e-parent\" data-id=\"de97e8a\" data-element_type=\"container\" data-e-type=\"container\" data-settings=\"{&quot;background_background&quot;:&quot;classic&quot;}\">\n\t\t\t\t\t<div class=\"e-con-inner\">\n\t\t\t\t\t<\/div>\n\t\t\t\t<\/div>\n\t\t<div class=\"elementor-element elementor-element-fd066c8 e-flex e-con-boxed e-con e-parent\" data-id=\"fd066c8\" data-element_type=\"container\" data-e-type=\"container\">\n\t\t\t\t\t<div class=\"e-con-inner\">\n\t\t\t\t<div class=\"elementor-element elementor-element-b725289 elementor-widget elementor-widget-text-editor\" data-id=\"b725289\" data-element_type=\"widget\" data-e-type=\"widget\" data-widget_type=\"text-editor.default\">\n\t\t\t\t\t\t\t\t\t<h1>AVVISO LEGALE E CONDIZIONI GENERALI DI UTILIZZO<\/h1><p>https:\/\/maritimeapartamentosvalencia.com<\/p><h2>I. INFORMAZIONI GENERALI<\/h2><p>In ottemperanza all&#8217;obbligo di fornire le informazioni previste dalla Legge 34\/2002 sui Servizi della Societ\u00e0 dell&#8217;Informazione e del Commercio Elettronico (LSSI-CE) dell&#8217;11 luglio, si forniscono di seguito le informazioni generali su questo sito web:<\/p><p>La propriet\u00e0 di questo sito web, https:\/\/maritimeapartamentosvalencia.com, (di seguito, Sito web) \u00e8 di El Kiosko Valencia S.L., con NIF: B97806392, i cui dati di contatto sono:<\/p><p>Indirizzo: Calle Nino Bravo 9 Bajo Izquierda, Valencia 46013<\/p><p>Numero di telefono di contatto: +34629646664<\/p><p>Email di contatto: gestion@marinanoufontana.com<\/p><h2>II. TERMINI E CONDIZIONI GENERALI DI UTILIZZO<\/h2><p>L&#8217;oggetto dei termini e delle condizioni: Il sito web<\/p><p>Le presenti Condizioni generali d&#8217;uso (di seguito denominate Condizioni) hanno lo scopo di regolamentare l&#8217;accesso e l&#8217;utilizzo del Sito web. Ai fini delle presenti Condizioni si intende per Sito Web: l&#8217;aspetto esterno delle interfacce dello schermo, sia staticamente che dinamicamente, ovvero l&#8217;albero di navigazione, e tutti gli elementi integrati sia nelle interfacce dello schermo che nell&#8217;albero di navigazione (di seguito, Contenuto) e tutti quei servizi o risorse online che possono essere offerti agli utenti (di seguito, Servizi).<\/p><p>Maritime Valencia Apartaments si riserva il diritto di modificare, in qualsiasi momento e senza preavviso, la presentazione e la configurazione del Sito web e dei Contenuti e Servizi che possono essere incorporati. L&#8217;Utente riconosce e accetta che in qualsiasi momento Maritime Valencia Apartaments potr\u00e0 interrompere, disattivare e\/o cancellare uno qualsiasi di questi elementi inclusi nel Sito web o l&#8217;accesso ad essi.<\/p><p>L&#8217;accesso al Sito Web da parte dell&#8217;Utente \u00e8 gratuito e, di norma, \u00e8 gratuito senza che l&#8217;Utente debba fornire un corrispettivo per usufruirne, salvo in relazione al costo della connessione attraverso la rete di telecomunicazioni fornita dal fornitore di accesso che l&#8217;Utente ha contrattato.<\/p><p>L&#8217;utilizzo di uno qualsiasi dei Contenuti o dei Servizi del Sito web pu\u00f2 essere effettuato mediante una preventiva iscrizione o registrazione da parte dell&#8217;Utente.<\/p><p><strong>L&#8217;utente<\/strong><\/p><p>L&#8217;accesso, la navigazione e l&#8217;utilizzo del Sito conferiscono la condizione di Utente e pertanto, dal momento in cui inizia la navigazione nel Sito, l&#8217;Utente accetta tutte le Condizioni qui stabilite, nonch\u00e9 le eventuali successive modifiche, fatta salva l&#8217;applicazione delle corrispondenti norme di legge che devono essere rispettate a seconda dei casi. Data la rilevanza di quanto sopra, si raccomanda all&#8217;Utente di leggerli ogni volta che visita il Sito.<\/p><p>Il sito web di Maritime Valencia Apartaments fornisce un&#8217;ampia gamma di informazioni, servizi e dati. L&#8217;Utente si assume la responsabilit\u00e0 del corretto utilizzo del Sito. Questa responsabilit\u00e0 si estende a:<\/p><ul><li>L&#8217;uso delle informazioni, dei contenuti e\/o dei servizi e dei dati offerti da Maritime Valencia Apartaments senza essere contrario alle disposizioni delle presenti Condizioni, alla legge, al buon costume o all&#8217;ordine pubblico, o comunque pu\u00f2 comportare una lesione dei diritti di terzi o del funzionamento del sito web.<\/li><li>La veridicit\u00e0 e la legalit\u00e0 delle informazioni fornite dall&#8217;Utente nei moduli forniti da Maritime Valencia Apartaments per l&#8217;accesso a determinati Contenuti o Servizi offerti dal Sito web. In ogni caso, l&#8217;Utente dovr\u00e0 comunicare immediatamente a Maritime Valencia Apartaments qualsiasi evento che consenta l&#8217;uso improprio delle informazioni registrate in questi moduli, come, a titolo esemplificativo ma non esaustivo, il furto, lo smarrimento o l&#8217;accesso non autorizzato agli identificativi e\/o alle password, al fine di procedere alla sua immediata cancellazione.<\/li><\/ul><p>Il semplice accesso a questo sito web non implica alcun tipo di rapporto commerciale tra Maritime Valencia Apartaments e l&#8217;utente.<\/p><p>Sempre nel rispetto della normativa vigente, questo sito web Maritime Valencia Apartaments si rivolge a tutte le persone, indipendentemente dall&#8217;et\u00e0, che possono accedere e\/o navigare nelle pagine del sito web.<\/p><h2>III. ACCESSO E NAVIGAZIONE SUL SITO WEB: ESCLUSIONE DI GARANZIE E RESPONSABILIT\u00c0<\/h2><p>Maritime Valencia Apartaments non garantisce la continuit\u00e0, la disponibilit\u00e0 e l&#8217;usabilit\u00e0 del sito web, n\u00e9 dei contenuti o dei servizi. Maritime Valencia Apartaments far\u00e0 tutto il possibile per il corretto funzionamento del sito web, tuttavia non \u00e8 responsabile n\u00e9 garantisce che l&#8217;accesso a questo sito web non sar\u00e0 ininterrotto o privo di errori.<\/p><p>Maritime Valencia Apartaments non \u00e8 responsabile n\u00e9 garantisce che il contenuto o il software a cui si pu\u00f2 accedere attraverso questo sito web sia privo di errori o provochi danni al sistema informatico (software e hardware) dell&#8217;utente. In nessun caso Maritime Valencia Apartaments sar\u00e0 responsabile di perdite o danni di qualsiasi tipo derivanti dall&#8217;accesso, dalla navigazione e dall&#8217;utilizzo del sito web, compresi, ma non solo, quelli causati ai sistemi informatici o quelli causati dall&#8217;introduzione di virus.<\/p><p>Maritime Valencia Apartaments non \u00e8 inoltre responsabile di eventuali danni che possono essere causati agli utenti da un uso improprio di questo sito web. In particolare, non potr\u00e0 essere ritenuta responsabile in alcun modo per eventuali guasti, interruzioni, errori o difetti di telecomunicazione che potrebbero verificarsi.<\/p><h2>IV. POLITICA DI COLLEGAMENTO<\/h2><p>Si segnala che il sito web Maritime Valencia Apartaments mette o pu\u00f2 mettere a disposizione degli utenti mezzi di collegamento (come, tra gli altri, link, banner, pulsanti), elenchi e motori di ricerca che consentono agli utenti di accedere a siti web di propriet\u00e0 e\/o gestiti da terzi.<\/p><p>L&#8217;installazione di questi link, elenchi e motori di ricerca sul Sito Web ha lo scopo di facilitare la ricerca e l&#8217;accesso alle informazioni disponibili su Internet, senza essere considerata un suggerimento, una raccomandazione o un invito a visitarli.<\/p><p>Maritime Valencia Apartaments non offre n\u00e9 commercializza, in proprio o tramite terzi, i prodotti e\/o i servizi disponibili su tali siti collegati.<\/p><p>Allo stesso modo, non garantisce la disponibilit\u00e0 tecnica, l&#8217;accuratezza, la veridicit\u00e0, la validit\u00e0 o la legalit\u00e0 dei siti esterni alla sua propriet\u00e0 a cui si pu\u00f2 accedere attraverso i link.<\/p><p>In nessun caso Maritime Valencia Apartaments esaminer\u00e0 o controller\u00e0 il contenuto di altri siti web, n\u00e9 approver\u00e0, esaminer\u00e0 o avaller\u00e0 i prodotti e i servizi, i contenuti, i file e qualsiasi altro materiale presente su tali siti collegati.<\/p><p>Maritime Valencia Apartaments non si assume alcuna responsabilit\u00e0 per eventuali danni che possono derivare dall&#8217;accesso, dall&#8217;uso, dalla qualit\u00e0 o dalla legalit\u00e0 dei contenuti, delle comunicazioni, delle opinioni, dei prodotti e dei servizi di siti web non gestiti da Maritime Valencia Apartaments e che sono collegati a questo sito web.<\/p><p>L&#8217;Utente o terzi che effettuano un collegamento ipertestuale da una pagina web di un altro sito, diverso, al sito web di Maritime Valencia Apartaments devono essere consapevoli che:<\/p><p>Non \u00e8 consentita la riproduzione &#8211; totale o parziale &#8211; di alcuno dei Contenuti e\/o dei Servizi del Sito senza l&#8217;espressa autorizzazione di Maritime Valencia Apartaments.<\/p><p>Non \u00e8 consentita alcuna dichiarazione falsa, imprecisa o errata sul sito web di Maritime Valencia Apartaments, n\u00e9 sui contenuti e\/o servizi dello stesso.<\/p><p>Ad eccezione del collegamento ipertestuale, il sito web in cui viene stabilito il collegamento ipertestuale non conterr\u00e0 alcun elemento di questo sito web protetto come propriet\u00e0 intellettuale dalla legge spagnola, salvo espressa autorizzazione di Maritime Valencia Apartaments .<\/p><p>La creazione del collegamento ipertestuale non implica l&#8217;esistenza di relazioni tra Maritime Valencia Apartaments e il proprietario del sito web da cui viene effettuato, n\u00e9 la conoscenza e l&#8217;accettazione da parte di Maritime Valencia Apartaments dei contenuti, dei servizi e\/o delle attivit\u00e0 offerte sul sito web, e viceversa.<\/p><h2>V. PROPRIET\u00c0 INTELLETTUALE E INDUSTRIALE<\/h2><p>Maritime Valencia Apartaments, in proprio o in qualit\u00e0 di cessionario, \u00e8 titolare di tutti i diritti di propriet\u00e0 intellettuale e industriale del Sito web, nonch\u00e9 degli elementi in esso contenuti (tra cui, a titolo esemplificativo e non esaustivo, immagini, suoni, audio, video, software o testi, marchi o loghi, combinazioni di colori, struttura e design, selezione dei materiali utilizzati, programmi informatici necessari per il funzionamento, l&#8217;accesso e l&#8217;utilizzo, ecc.) Si tratta, quindi, di opere protette come propriet\u00e0 intellettuale dall&#8217;ordinamento giuridico spagnolo, essendo ad esse applicabili sia la normativa spagnola e comunitaria in materia, sia i trattati internazionali relativi alla materia e sottoscritti dalla Spagna.<\/p><p>Tutti i diritti riservati. In base alle disposizioni della Legge sulla Propriet\u00e0 Intellettuale, sono espressamente vietate la riproduzione, la distribuzione e la comunicazione pubblica, compresa la messa a disposizione, di tutto o parte del contenuto di questo sito web, a fini commerciali, su qualsiasi supporto e con qualsiasi mezzo tecnico, senza l&#8217;autorizzazione di Maritime Valencia Apartaments.<\/p><p>L&#8217;Utente si impegna a rispettare i diritti di propriet\u00e0 intellettuale e industriale di Maritime Valencia Apartaments . \u00c8 possibile visualizzare gli elementi del Sito web o anche stamparli, copiarli e memorizzarli sul disco rigido del proprio computer o di qualsiasi altro hardware, a condizione che ci\u00f2 avvenga esclusivamente per uso personale. L&#8217;Utente, tuttavia, non pu\u00f2 rimuovere, alterare o manipolare alcun dispositivo di protezione o sistema di sicurezza installato sul Sito.<\/p><p>Nel caso in cui l&#8217;Utente o un terzo ritenga che uno qualsiasi dei Contenuti del Sito web comporti una violazione dei diritti di protezione della propriet\u00e0 intellettuale, dovr\u00e0 comunicarlo immediatamente a Maritime Valencia Apartaments attraverso i recapiti indicati nella sezione INFORMAZIONI GENERALI del presente Avviso legale e Condizioni generali d&#8217;uso.<\/p><h2>VI. AZIONI LEGALI, LEGGE APPLICABILE E GIURISDIZIONE<\/h2><p>Maritime Valencia Apartaments si riserva il diritto di intentare le azioni civili o penali che riterr\u00e0 necessarie per l&#8217;uso improprio del sito web e dei contenuti, o per la violazione delle presenti Condizioni.<\/p><p>Il rapporto tra l&#8217;Utente e Maritime Valencia Apartaments sar\u00e0 regolato dalle norme vigenti e applicabili in territorio spagnolo. In caso di controversie relative all&#8217;interpretazione e\/o all&#8217;applicazione delle presenti Condizioni, le parti sottoporranno le loro controversie alla giurisdizione ordinaria, sottoponendosi ai giudici e ai tribunali corrispondenti secondo la legge.<\/p><p>Il presente documento di Avviso legale e Condizioni generali d&#8217;uso del sito web \u00e8 stato creato tramite il generatore di modelli di avviso legale e condizioni d&#8217;uso online il 22\/11\/2022.<\/p>\t\t\t\t\t\t\t\t<\/div>\n\t\t\t\t\t<\/div>\n\t\t\t\t<\/div>\n\t\t\t\t<\/div>\n\t\t","protected":false},"excerpt":{"rendered":"<p>AVVISO LEGALE E CONDIZIONI GENERALI DI UTILIZZO https:\/\/maritimeapartamentosvalencia.com I. INFORMAZIONI GENERALI In ottemperanza all&#8217;obbligo di fornire le informazioni previste dalla Legge 34\/2002 sui Servizi della Societ\u00e0 dell&#8217;Informazione e del Commercio Elettronico (LSSI-CE) dell&#8217;11 luglio, si forniscono di seguito le informazioni generali su questo sito web: La propriet\u00e0 di questo sito web, https:\/\/maritimeapartamentosvalencia.com, (di seguito, Sito [&hellip;]<\/p>\n","protected":false},"author":1,"featured_media":0,"parent":0,"menu_order":0,"comment_status":"closed","ping_status":"closed","template":"elementor_header_footer","meta":{"footnotes":""},"class_list":["post-27","page","type-page","status-publish","hentry"],"yoast_head":"<!-- This site is optimized with the Yoast SEO plugin v27.4 - https:\/\/yoast.com\/product\/yoast-seo-wordpress\/ -->\n<title>Avviso legale - Maritime Apartamentos Valencia IT<\/title>\n<meta name=\"robots\" content=\"noindex, nofollow\" \/>\n<meta property=\"og:locale\" content=\"es_ES\" \/>\n<meta property=\"og:type\" content=\"article\" \/>\n<meta property=\"og:title\" content=\"Avviso legale - Maritime Apartamentos Valencia IT\" \/>\n<meta property=\"og:description\" content=\"AVVISO LEGALE E CONDIZIONI GENERALI DI UTILIZZO https:\/\/maritimeapartamentosvalencia.com I. INFORMAZIONI GENERALI In ottemperanza all&#8217;obbligo di fornire le informazioni previste dalla Legge 34\/2002 sui Servizi della Societ\u00e0 dell&#8217;Informazione e del Commercio Elettronico (LSSI-CE) dell&#8217;11 luglio, si forniscono di seguito le informazioni generali su questo sito web: La propriet\u00e0 di questo sito web, https:\/\/maritimeapartamentosvalencia.com, (di seguito, Sito [&hellip;]\" \/>\n<meta property=\"og:url\" content=\"https:\/\/maritimeapartamentosvalencia.com\/it\/avviso-legale\/\" \/>\n<meta property=\"og:site_name\" content=\"Maritime Apartamentos Valencia IT\" \/>\n<meta property=\"article:modified_time\" content=\"2023-01-26T12:19:43+00:00\" \/>\n<meta name=\"twitter:card\" content=\"summary_large_image\" \/>\n<meta name=\"twitter:label1\" content=\"Tiempo de lectura\" \/>\n\t<meta name=\"twitter:data1\" content=\"8 minutos\" \/>\n<script type=\"application\/ld+json\" class=\"yoast-schema-graph\">{\"@context\":\"https:\\\/\\\/schema.org\",\"@graph\":[{\"@type\":\"WebPage\",\"@id\":\"https:\\\/\\\/maritimeapartamentosvalencia.com\\\/it\\\/avviso-legale\\\/\",\"url\":\"https:\\\/\\\/maritimeapartamentosvalencia.com\\\/it\\\/avviso-legale\\\/\",\"name\":\"Avviso legale - Maritime Apartamentos Valencia IT\",\"isPartOf\":{\"@id\":\"https:\\\/\\\/maritimeapartamentosvalencia.com\\\/it\\\/#website\"},\"datePublished\":\"2022-09-19T11:03:22+00:00\",\"dateModified\":\"2023-01-26T12:19:43+00:00\",\"breadcrumb\":{\"@id\":\"https:\\\/\\\/maritimeapartamentosvalencia.com\\\/it\\\/avviso-legale\\\/#breadcrumb\"},\"inLanguage\":\"es\",\"potentialAction\":[{\"@type\":\"ReadAction\",\"target\":[\"https:\\\/\\\/maritimeapartamentosvalencia.com\\\/it\\\/avviso-legale\\\/\"]}]},{\"@type\":\"BreadcrumbList\",\"@id\":\"https:\\\/\\\/maritimeapartamentosvalencia.com\\\/it\\\/avviso-legale\\\/#breadcrumb\",\"itemListElement\":[{\"@type\":\"ListItem\",\"position\":1,\"name\":\"Portada\",\"item\":\"https:\\\/\\\/maritimeapartamentosvalencia.com\\\/it\\\/\"},{\"@type\":\"ListItem\",\"position\":2,\"name\":\"Avviso legale\"}]},{\"@type\":\"WebSite\",\"@id\":\"https:\\\/\\\/maritimeapartamentosvalencia.com\\\/it\\\/#website\",\"url\":\"https:\\\/\\\/maritimeapartamentosvalencia.com\\\/it\\\/\",\"name\":\"Maritime Apartamentos Valencia IT\",\"description\":\"Apartamentos tur\u00edsticos en Valencia, Espa\u00f1a\",\"publisher\":{\"@id\":\"https:\\\/\\\/maritimeapartamentosvalencia.com\\\/it\\\/#organization\"},\"potentialAction\":[{\"@type\":\"SearchAction\",\"target\":{\"@type\":\"EntryPoint\",\"urlTemplate\":\"https:\\\/\\\/maritimeapartamentosvalencia.com\\\/it\\\/?s={search_term_string}\"},\"query-input\":{\"@type\":\"PropertyValueSpecification\",\"valueRequired\":true,\"valueName\":\"search_term_string\"}}],\"inLanguage\":\"es\"},{\"@type\":\"Organization\",\"@id\":\"https:\\\/\\\/maritimeapartamentosvalencia.com\\\/it\\\/#organization\",\"name\":\"Maritime Apartamentos Valencia IT\",\"url\":\"https:\\\/\\\/maritimeapartamentosvalencia.com\\\/it\\\/\",\"logo\":{\"@type\":\"ImageObject\",\"inLanguage\":\"es\",\"@id\":\"https:\\\/\\\/maritimeapartamentosvalencia.com\\\/it\\\/#\\\/schema\\\/logo\\\/image\\\/\",\"url\":\"https:\\\/\\\/maritimeapartamentosvalencia.com\\\/it\\\/wp-content\\\/uploads\\\/sites\\\/4\\\/Maritime_logos-color11.55.26-1.webp\",\"contentUrl\":\"https:\\\/\\\/maritimeapartamentosvalencia.com\\\/it\\\/wp-content\\\/uploads\\\/sites\\\/4\\\/Maritime_logos-color11.55.26-1.webp\",\"width\":400,\"height\":130,\"caption\":\"Maritime Apartamentos Valencia IT\"},\"image\":{\"@id\":\"https:\\\/\\\/maritimeapartamentosvalencia.com\\\/it\\\/#\\\/schema\\\/logo\\\/image\\\/\"}}]}<\/script>\n<!-- \/ Yoast SEO plugin. -->","yoast_head_json":{"title":"Avviso legale - Maritime Apartamentos Valencia IT","robots":{"index":"noindex","follow":"nofollow"},"og_locale":"es_ES","og_type":"article","og_title":"Avviso legale - Maritime Apartamentos Valencia IT","og_description":"AVVISO LEGALE E CONDIZIONI GENERALI DI UTILIZZO https:\/\/maritimeapartamentosvalencia.com I. INFORMAZIONI GENERALI In ottemperanza all&#8217;obbligo di fornire le informazioni previste dalla Legge 34\/2002 sui Servizi della Societ\u00e0 dell&#8217;Informazione e del Commercio Elettronico (LSSI-CE) dell&#8217;11 luglio, si forniscono di seguito le informazioni generali su questo sito web: La propriet\u00e0 di questo sito web, https:\/\/maritimeapartamentosvalencia.com, (di seguito, Sito [&hellip;]","og_url":"https:\/\/maritimeapartamentosvalencia.com\/it\/avviso-legale\/","og_site_name":"Maritime Apartamentos Valencia IT","article_modified_time":"2023-01-26T12:19:43+00:00","twitter_card":"summary_large_image","twitter_misc":{"Tiempo de lectura":"8 minutos"},"schema":{"@context":"https:\/\/schema.org","@graph":[{"@type":"WebPage","@id":"https:\/\/maritimeapartamentosvalencia.com\/it\/avviso-legale\/","url":"https:\/\/maritimeapartamentosvalencia.com\/it\/avviso-legale\/","name":"Avviso legale - Maritime Apartamentos Valencia IT","isPartOf":{"@id":"https:\/\/maritimeapartamentosvalencia.com\/it\/#website"},"datePublished":"2022-09-19T11:03:22+00:00","dateModified":"2023-01-26T12:19:43+00:00","breadcrumb":{"@id":"https:\/\/maritimeapartamentosvalencia.com\/it\/avviso-legale\/#breadcrumb"},"inLanguage":"es","potentialAction":[{"@type":"ReadAction","target":["https:\/\/maritimeapartamentosvalencia.com\/it\/avviso-legale\/"]}]},{"@type":"BreadcrumbList","@id":"https:\/\/maritimeapartamentosvalencia.com\/it\/avviso-legale\/#breadcrumb","itemListElement":[{"@type":"ListItem","position":1,"name":"Portada","item":"https:\/\/maritimeapartamentosvalencia.com\/it\/"},{"@type":"ListItem","position":2,"name":"Avviso legale"}]},{"@type":"WebSite","@id":"https:\/\/maritimeapartamentosvalencia.com\/it\/#website","url":"https:\/\/maritimeapartamentosvalencia.com\/it\/","name":"Maritime Apartamentos Valencia IT","description":"Apartamentos tur\u00edsticos en Valencia, Espa\u00f1a","publisher":{"@id":"https:\/\/maritimeapartamentosvalencia.com\/it\/#organization"},"potentialAction":[{"@type":"SearchAction","target":{"@type":"EntryPoint","urlTemplate":"https:\/\/maritimeapartamentosvalencia.com\/it\/?s={search_term_string}"},"query-input":{"@type":"PropertyValueSpecification","valueRequired":true,"valueName":"search_term_string"}}],"inLanguage":"es"},{"@type":"Organization","@id":"https:\/\/maritimeapartamentosvalencia.com\/it\/#organization","name":"Maritime Apartamentos Valencia IT","url":"https:\/\/maritimeapartamentosvalencia.com\/it\/","logo":{"@type":"ImageObject","inLanguage":"es","@id":"https:\/\/maritimeapartamentosvalencia.com\/it\/#\/schema\/logo\/image\/","url":"https:\/\/maritimeapartamentosvalencia.com\/it\/wp-content\/uploads\/sites\/4\/Maritime_logos-color11.55.26-1.webp","contentUrl":"https:\/\/maritimeapartamentosvalencia.com\/it\/wp-content\/uploads\/sites\/4\/Maritime_logos-color11.55.26-1.webp","width":400,"height":130,"caption":"Maritime Apartamentos Valencia IT"},"image":{"@id":"https:\/\/maritimeapartamentosvalencia.com\/it\/#\/schema\/logo\/image\/"}}]}},"_links":{"self":[{"href":"https:\/\/maritimeapartamentosvalencia.com\/it\/wp-json\/wp\/v2\/pages\/27","targetHints":{"allow":["GET"]}}],"collection":[{"href":"https:\/\/maritimeapartamentosvalencia.com\/it\/wp-json\/wp\/v2\/pages"}],"about":[{"href":"https:\/\/maritimeapartamentosvalencia.com\/it\/wp-json\/wp\/v2\/types\/page"}],"author":[{"embeddable":true,"href":"https:\/\/maritimeapartamentosvalencia.com\/it\/wp-json\/wp\/v2\/users\/1"}],"replies":[{"embeddable":true,"href":"https:\/\/maritimeapartamentosvalencia.com\/it\/wp-json\/wp\/v2\/comments?post=27"}],"version-history":[{"count":3,"href":"https:\/\/maritimeapartamentosvalencia.com\/it\/wp-json\/wp\/v2\/pages\/27\/revisions"}],"predecessor-version":[{"id":2885,"href":"https:\/\/maritimeapartamentosvalencia.com\/it\/wp-json\/wp\/v2\/pages\/27\/revisions\/2885"}],"wp:attachment":[{"href":"https:\/\/maritimeapartamentosvalencia.com\/it\/wp-json\/wp\/v2\/media?parent=27"}],"curies":[{"name":"wp","href":"https:\/\/api.w.org\/{rel}","templated":true}]}}