{"id":33,"date":"2022-09-19T11:04:34","date_gmt":"2022-09-19T11:04:34","guid":{"rendered":"https:\/\/maritimeapartamentosvalencia.com\/?page_id=33"},"modified":"2023-01-10T16:21:06","modified_gmt":"2023-01-10T16:21:06","slug":"politica-dei-cookie","status":"publish","type":"page","link":"https:\/\/maritimeapartamentosvalencia.com\/it\/politica-dei-cookie\/","title":{"rendered":"Politica dei cookie"},"content":{"rendered":"\t\t<div data-elementor-type=\"wp-page\" data-elementor-id=\"33\" class=\"elementor elementor-33\" data-elementor-post-type=\"page\">\n\t\t\t\t<div class=\"elementor-element elementor-element-f4de3d6 e-flex e-con-boxed e-con e-parent\" data-id=\"f4de3d6\" data-element_type=\"container\" data-e-type=\"container\" data-settings=\"{&quot;background_background&quot;:&quot;classic&quot;}\">\n\t\t\t\t\t<div class=\"e-con-inner\">\n\t\t\t\t\t<\/div>\n\t\t\t\t<\/div>\n\t\t<div class=\"elementor-element elementor-element-5f8bdb8 e-flex e-con-boxed e-con e-parent\" data-id=\"5f8bdb8\" data-element_type=\"container\" data-e-type=\"container\">\n\t\t\t\t\t<div class=\"e-con-inner\">\n\t\t\t\t<div class=\"elementor-element elementor-element-29d2645 elementor-widget elementor-widget-text-editor\" data-id=\"29d2645\" data-element_type=\"widget\" data-e-type=\"widget\" data-widget_type=\"text-editor.default\">\n\t\t\t\t\t\t\t\t\t<h1>INFORMATIVA SUI COOKIE<\/h1><p>https:\/\/maritimeapartamentosvalencia.com<\/p><p>L&#8217;accesso a questo sito web pu\u00f2 comportare l&#8217;uso di cookie. I cookie sono piccole quantit\u00e0 di informazioni che vengono memorizzate nel browser utilizzato da ciascun Utente &#8211; nei diversi dispositivi che possono essere utilizzati per la navigazione &#8211; in modo che il server ricordi determinate informazioni che saranno successivamente lette solo dal server che le ha implementate. I cookie rendono la navigazione pi\u00f9 facile e intuitiva e non danneggiano il dispositivo di navigazione.<\/p><p>I cookie sono procedure automatiche per la raccolta di informazioni relative alle preferenze determinate dall&#8217;Utente durante la visita al Sito Web, al fine di riconoscerlo come Utente e di personalizzarne l&#8217;esperienza e l&#8217;uso del Sito Web, e possono anche, ad esempio, aiutare a identificare e risolvere gli errori.<\/p><p>Le informazioni raccolte attraverso i cookie possono includere la data e l&#8217;ora delle visite al Sito, le pagine visualizzate, il tempo trascorso sul Sito e i siti visitati subito prima e subito dopo il Sito. Tuttavia, nessun cookie consente di contattare il numero di telefono dell&#8217;Utente o qualsiasi altro mezzo di contatto personale. Nessun cookie pu\u00f2 estrarre informazioni dal disco rigido dell&#8217;Utente o rubare informazioni personali. L&#8217;unico modo per far s\u00ec che le informazioni private dell&#8217;Utente entrino a far parte del file dei cookie \u00e8 che l&#8217;Utente le fornisca personalmente al server.<\/p><p>I cookie che consentono di identificare una persona sono considerati dati personali. Pertanto, ad essi si applica la suddetta Informativa sulla privacy. A questo proposito, l&#8217;utilizzo dei cookie richiede il consenso dell&#8217;Utente. Tale consenso sar\u00e0 comunicato, sulla base di una scelta autentica, offerta attraverso una decisione affermativa e positiva, prima del trattamento iniziale, rimovibile e documentata.<\/p><p><strong>Cookies propias<\/strong><\/p><p>Si tratta di cookie inviati al computer o al dispositivo dell&#8217;Utente e gestiti esclusivamente da Maritime Valencia Apartaments per il miglior funzionamento del Sito web. Le informazioni raccolte vengono utilizzate per migliorare la qualit\u00e0 del Sito e dei suoi Contenuti e l&#8217;esperienza dell&#8217;Utente. Questi cookie consentono di riconoscere l&#8217;Utente come visitatore ricorrente del Sito web e di adattare il contenuto per offrirgli contenuti adatti alle sue preferenze:<\/p><p>wordpress_test_cookie: cookie proprio che memorizza l&#8217;accettazione della politica sui cookie di https:\/\/maritimeapartamentosvalencia.com. Dura fino alla fine della sessione.<\/p><p>\u00a0<\/p><h2>Cookie per i social media<\/h2><p>Maritime Valencia Apartaments incorpora plugin per i social network, che permettono di accedervi dal Sito web. Per questo motivo, i cookie dei social network possono essere memorizzati nel browser dell&#8217;utente. I proprietari di questi social network hanno le proprie politiche di protezione dei dati e dei cookie, essendo essi stessi, in ogni caso, responsabili dei propri file e delle proprie pratiche di privacy. L&#8217;Utente deve fare riferimento ad essi per avere informazioni su questi cookie e, se del caso, sul trattamento dei suoi dati personali. A titolo puramente informativo, di seguito sono indicati i link ai quali \u00e8 possibile consultare tali informative sulla privacy e\/o sui cookie:<\/p><ul><li><b>Facebook:<\/b> https:\/\/www.facebook.com\/policies\/cookies\/<\/li><li><b>Twitter:<\/b> https:\/\/twitter.com\/es\/privacy<\/li><li><b>Instagram:<\/b> https:\/\/help.instagram.com\/1896641480634370?ref=ig<\/li><li><b>YouTube:<\/b> https:\/\/policies.google.com\/privacy?hl=es-419&amp;gl=mx<\/li><li><b>Pinterest:<\/b> https:\/\/policy.pinterest.com\/es\/privacy-policy<\/li><li><b>LinkedIn:<\/b> https:\/\/www.linkedin.com\/legal\/cookie-policy?trk=hp-cookies<\/li><\/ul><h2>Disabilitazione, rifiuto e cancellazione dei cookie<\/h2><p>L&#8217;Utente pu\u00f2 disabilitare, rifiutare e cancellare i cookie &#8211; in tutto o in parte &#8211; installati sul proprio dispositivo configurando il proprio browser (tra cui, ad esempio, Chrome, Firefox, Safari, Explorer). A questo proposito, le procedure di rifiuto e cancellazione dei cookie possono variare da un browser Internet all&#8217;altro. Di conseguenza, l&#8217;Utente deve seguire le istruzioni fornite dal browser Internet che sta utilizzando. Nel caso in cui l&#8217;utente rifiuti l&#8217;uso dei cookie &#8211; in tutto o in parte &#8211; pu\u00f2 continuare a utilizzare il sito web, anche se l&#8217;uso di alcune delle sue funzionalit\u00e0 potrebbe essere limitato.<\/p><p>Questo documento sulla politica dei cookie \u00e8 stato creato utilizzando il generatore di modelli di politica dei cookie online il 22\/11\/2022.<\/p><p>\u00a0<\/p>\t\t\t\t\t\t\t\t<\/div>\n\t\t\t\t\t<\/div>\n\t\t\t\t<\/div>\n\t\t\t\t<\/div>\n\t\t","protected":false},"excerpt":{"rendered":"<p>INFORMATIVA SUI COOKIE https:\/\/maritimeapartamentosvalencia.com L&#8217;accesso a questo sito web pu\u00f2 comportare l&#8217;uso di cookie. I cookie sono piccole quantit\u00e0 di informazioni che vengono memorizzate nel browser utilizzato da ciascun Utente &#8211; nei diversi dispositivi che possono essere utilizzati per la navigazione &#8211; in modo che il server ricordi determinate informazioni che saranno successivamente lette solo [&hellip;]<\/p>\n","protected":false},"author":1,"featured_media":0,"parent":0,"menu_order":0,"comment_status":"closed","ping_status":"closed","template":"elementor_header_footer","meta":{"footnotes":""},"class_list":["post-33","page","type-page","status-publish","hentry"],"yoast_head":"<!-- This site is optimized with the Yoast SEO plugin v27.5 - https:\/\/yoast.com\/product\/yoast-seo-wordpress\/ -->\n<title>Politica dei cookie - Maritime Apartamentos Valencia IT<\/title>\n<meta name=\"robots\" content=\"noindex, nofollow\" \/>\n<meta property=\"og:locale\" content=\"es_ES\" \/>\n<meta property=\"og:type\" content=\"article\" \/>\n<meta property=\"og:title\" content=\"Politica dei cookie - Maritime Apartamentos Valencia IT\" \/>\n<meta property=\"og:description\" content=\"INFORMATIVA SUI COOKIE https:\/\/maritimeapartamentosvalencia.com L&#8217;accesso a questo sito web pu\u00f2 comportare l&#8217;uso di cookie. I cookie sono piccole quantit\u00e0 di informazioni che vengono memorizzate nel browser utilizzato da ciascun Utente &#8211; nei diversi dispositivi che possono essere utilizzati per la navigazione &#8211; in modo che il server ricordi determinate informazioni che saranno successivamente lette solo [&hellip;]\" \/>\n<meta property=\"og:url\" content=\"https:\/\/maritimeapartamentosvalencia.com\/it\/politica-dei-cookie\/\" \/>\n<meta property=\"og:site_name\" content=\"Maritime Apartamentos Valencia IT\" \/>\n<meta property=\"article:modified_time\" content=\"2023-01-10T16:21:06+00:00\" \/>\n<meta name=\"twitter:card\" content=\"summary_large_image\" \/>\n<meta name=\"twitter:label1\" content=\"Tiempo de lectura\" \/>\n\t<meta name=\"twitter:data1\" content=\"3 minutos\" \/>\n<script type=\"application\/ld+json\" class=\"yoast-schema-graph\">{\"@context\":\"https:\\\/\\\/schema.org\",\"@graph\":[{\"@type\":\"WebPage\",\"@id\":\"https:\\\/\\\/maritimeapartamentosvalencia.com\\\/it\\\/politica-dei-cookie\\\/\",\"url\":\"https:\\\/\\\/maritimeapartamentosvalencia.com\\\/it\\\/politica-dei-cookie\\\/\",\"name\":\"Politica dei cookie - Maritime Apartamentos Valencia IT\",\"isPartOf\":{\"@id\":\"https:\\\/\\\/maritimeapartamentosvalencia.com\\\/it\\\/#website\"},\"datePublished\":\"2022-09-19T11:04:34+00:00\",\"dateModified\":\"2023-01-10T16:21:06+00:00\",\"breadcrumb\":{\"@id\":\"https:\\\/\\\/maritimeapartamentosvalencia.com\\\/it\\\/politica-dei-cookie\\\/#breadcrumb\"},\"inLanguage\":\"es\",\"potentialAction\":[{\"@type\":\"ReadAction\",\"target\":[\"https:\\\/\\\/maritimeapartamentosvalencia.com\\\/it\\\/politica-dei-cookie\\\/\"]}]},{\"@type\":\"BreadcrumbList\",\"@id\":\"https:\\\/\\\/maritimeapartamentosvalencia.com\\\/it\\\/politica-dei-cookie\\\/#breadcrumb\",\"itemListElement\":[{\"@type\":\"ListItem\",\"position\":1,\"name\":\"Portada\",\"item\":\"https:\\\/\\\/maritimeapartamentosvalencia.com\\\/it\\\/\"},{\"@type\":\"ListItem\",\"position\":2,\"name\":\"Politica dei cookie\"}]},{\"@type\":\"WebSite\",\"@id\":\"https:\\\/\\\/maritimeapartamentosvalencia.com\\\/it\\\/#website\",\"url\":\"https:\\\/\\\/maritimeapartamentosvalencia.com\\\/it\\\/\",\"name\":\"Maritime Apartamentos Valencia IT\",\"description\":\"Apartamentos tur\u00edsticos en Valencia, Espa\u00f1a\",\"publisher\":{\"@id\":\"https:\\\/\\\/maritimeapartamentosvalencia.com\\\/it\\\/#organization\"},\"potentialAction\":[{\"@type\":\"SearchAction\",\"target\":{\"@type\":\"EntryPoint\",\"urlTemplate\":\"https:\\\/\\\/maritimeapartamentosvalencia.com\\\/it\\\/?s={search_term_string}\"},\"query-input\":{\"@type\":\"PropertyValueSpecification\",\"valueRequired\":true,\"valueName\":\"search_term_string\"}}],\"inLanguage\":\"es\"},{\"@type\":\"Organization\",\"@id\":\"https:\\\/\\\/maritimeapartamentosvalencia.com\\\/it\\\/#organization\",\"name\":\"Maritime Apartamentos Valencia IT\",\"url\":\"https:\\\/\\\/maritimeapartamentosvalencia.com\\\/it\\\/\",\"logo\":{\"@type\":\"ImageObject\",\"inLanguage\":\"es\",\"@id\":\"https:\\\/\\\/maritimeapartamentosvalencia.com\\\/it\\\/#\\\/schema\\\/logo\\\/image\\\/\",\"url\":\"https:\\\/\\\/maritimeapartamentosvalencia.com\\\/it\\\/wp-content\\\/uploads\\\/sites\\\/4\\\/Maritime_logos-color11.55.26-1.webp\",\"contentUrl\":\"https:\\\/\\\/maritimeapartamentosvalencia.com\\\/it\\\/wp-content\\\/uploads\\\/sites\\\/4\\\/Maritime_logos-color11.55.26-1.webp\",\"width\":400,\"height\":130,\"caption\":\"Maritime Apartamentos Valencia IT\"},\"image\":{\"@id\":\"https:\\\/\\\/maritimeapartamentosvalencia.com\\\/it\\\/#\\\/schema\\\/logo\\\/image\\\/\"}}]}<\/script>\n<!-- \/ Yoast SEO plugin. -->","yoast_head_json":{"title":"Politica dei cookie - Maritime Apartamentos Valencia IT","robots":{"index":"noindex","follow":"nofollow"},"og_locale":"es_ES","og_type":"article","og_title":"Politica dei cookie - Maritime Apartamentos Valencia IT","og_description":"INFORMATIVA SUI COOKIE https:\/\/maritimeapartamentosvalencia.com L&#8217;accesso a questo sito web pu\u00f2 comportare l&#8217;uso di cookie. I cookie sono piccole quantit\u00e0 di informazioni che vengono memorizzate nel browser utilizzato da ciascun Utente &#8211; nei diversi dispositivi che possono essere utilizzati per la navigazione &#8211; in modo che il server ricordi determinate informazioni che saranno successivamente lette solo [&hellip;]","og_url":"https:\/\/maritimeapartamentosvalencia.com\/it\/politica-dei-cookie\/","og_site_name":"Maritime Apartamentos Valencia IT","article_modified_time":"2023-01-10T16:21:06+00:00","twitter_card":"summary_large_image","twitter_misc":{"Tiempo de lectura":"3 minutos"},"schema":{"@context":"https:\/\/schema.org","@graph":[{"@type":"WebPage","@id":"https:\/\/maritimeapartamentosvalencia.com\/it\/politica-dei-cookie\/","url":"https:\/\/maritimeapartamentosvalencia.com\/it\/politica-dei-cookie\/","name":"Politica dei cookie - Maritime Apartamentos Valencia IT","isPartOf":{"@id":"https:\/\/maritimeapartamentosvalencia.com\/it\/#website"},"datePublished":"2022-09-19T11:04:34+00:00","dateModified":"2023-01-10T16:21:06+00:00","breadcrumb":{"@id":"https:\/\/maritimeapartamentosvalencia.com\/it\/politica-dei-cookie\/#breadcrumb"},"inLanguage":"es","potentialAction":[{"@type":"ReadAction","target":["https:\/\/maritimeapartamentosvalencia.com\/it\/politica-dei-cookie\/"]}]},{"@type":"BreadcrumbList","@id":"https:\/\/maritimeapartamentosvalencia.com\/it\/politica-dei-cookie\/#breadcrumb","itemListElement":[{"@type":"ListItem","position":1,"name":"Portada","item":"https:\/\/maritimeapartamentosvalencia.com\/it\/"},{"@type":"ListItem","position":2,"name":"Politica dei cookie"}]},{"@type":"WebSite","@id":"https:\/\/maritimeapartamentosvalencia.com\/it\/#website","url":"https:\/\/maritimeapartamentosvalencia.com\/it\/","name":"Maritime Apartamentos Valencia IT","description":"Apartamentos tur\u00edsticos en Valencia, Espa\u00f1a","publisher":{"@id":"https:\/\/maritimeapartamentosvalencia.com\/it\/#organization"},"potentialAction":[{"@type":"SearchAction","target":{"@type":"EntryPoint","urlTemplate":"https:\/\/maritimeapartamentosvalencia.com\/it\/?s={search_term_string}"},"query-input":{"@type":"PropertyValueSpecification","valueRequired":true,"valueName":"search_term_string"}}],"inLanguage":"es"},{"@type":"Organization","@id":"https:\/\/maritimeapartamentosvalencia.com\/it\/#organization","name":"Maritime Apartamentos Valencia IT","url":"https:\/\/maritimeapartamentosvalencia.com\/it\/","logo":{"@type":"ImageObject","inLanguage":"es","@id":"https:\/\/maritimeapartamentosvalencia.com\/it\/#\/schema\/logo\/image\/","url":"https:\/\/maritimeapartamentosvalencia.com\/it\/wp-content\/uploads\/sites\/4\/Maritime_logos-color11.55.26-1.webp","contentUrl":"https:\/\/maritimeapartamentosvalencia.com\/it\/wp-content\/uploads\/sites\/4\/Maritime_logos-color11.55.26-1.webp","width":400,"height":130,"caption":"Maritime Apartamentos Valencia IT"},"image":{"@id":"https:\/\/maritimeapartamentosvalencia.com\/it\/#\/schema\/logo\/image\/"}}]}},"_links":{"self":[{"href":"https:\/\/maritimeapartamentosvalencia.com\/it\/wp-json\/wp\/v2\/pages\/33","targetHints":{"allow":["GET"]}}],"collection":[{"href":"https:\/\/maritimeapartamentosvalencia.com\/it\/wp-json\/wp\/v2\/pages"}],"about":[{"href":"https:\/\/maritimeapartamentosvalencia.com\/it\/wp-json\/wp\/v2\/types\/page"}],"author":[{"embeddable":true,"href":"https:\/\/maritimeapartamentosvalencia.com\/it\/wp-json\/wp\/v2\/users\/1"}],"replies":[{"embeddable":true,"href":"https:\/\/maritimeapartamentosvalencia.com\/it\/wp-json\/wp\/v2\/comments?post=33"}],"version-history":[{"count":0,"href":"https:\/\/maritimeapartamentosvalencia.com\/it\/wp-json\/wp\/v2\/pages\/33\/revisions"}],"wp:attachment":[{"href":"https:\/\/maritimeapartamentosvalencia.com\/it\/wp-json\/wp\/v2\/media?parent=33"}],"curies":[{"name":"wp","href":"https:\/\/api.w.org\/{rel}","templated":true}]}}